{"id":229,"date":"2024-08-10T23:00:27","date_gmt":"2024-08-10T20:00:27","guid":{"rendered":"http:\/\/khsrk.fi\/?page_id=229"},"modified":"2026-01-30T11:43:32","modified_gmt":"2026-01-30T09:43:32","slug":"seurakunta","status":"publish","type":"page","link":"https:\/\/khsrk.fi\/?page_id=229","title":{"rendered":"Keit\u00e4 me olemme"},"content":{"rendered":"<p>Olemme joukko Jeesukseen uskovia ihmisi\u00e4 Kemist\u00e4 ja sen ymp\u00e4ryskunnista. Seurakunnan rukoushuone sijaitsee Kemin keskustassa. Seurakunnan opetus ja oppi perustuu Raamattuun. Seurakuntaa johtaa vanhimmisto. Seurakunta koostuu henkil\u00f6ist\u00e4, jotka ovat uskoontulon j\u00e4lkeen kastattaneet itsens\u00e4 upotuskasteella. Kemin Helluntaiseurakunta on perustettu 15.7.1939.<\/p>\n<h2>Helluntaiseurakunnan uskon p\u00e4\u00e4kohdat<\/h2>\n<p>Helluntaiseurakunnan uskon p\u00e4\u00e4kohdat on pyritty laatimaan mahdollisimman suppeaksi opetuksen p\u00e4\u00e4kohtien esittelyksi. Tunnustuksen sis\u00e4lt\u00f6 nousee suoraan Raamatusta, mutta suoria viittauksia raamatunkohtiin ei tekstin suppeuden t\u00e4hden ole otettu mukaan. Helluntaiseurakunnissa voidaan yhty\u00e4 my\u00f6s apostolisen uskontunnustuksen sis\u00e4lt\u00f6\u00f6n.<\/p>\n<h4><strong>1. Raamattu<\/strong><\/h4>\n<p>Pyh\u00e4 Raamattu on Pyh\u00e4n Hengen innoituksesta syntynyt Jumalan sana ja oppimme ainoa perusta.<\/p>\n<h4>2. Jumala<\/h4>\n<p>On yksi, iankaikkinen Jumala kolmessa persoonassa: Is\u00e4 ja Poika ja Pyh\u00e4 Henki. Jumala on taivaan ja maan luoja.<\/p>\n<h4><strong>3. Jeesus Kristus<\/strong><\/h4>\n<p>Jeesus Kristus on Jumalan Poika, joka sikisi Pyh\u00e4st\u00e4 Hengest\u00e4, syntyi ihmiseksi neitsyt Mariasta ja eli synnitt\u00f6m\u00e4n el\u00e4m\u00e4n, opettaen ja tehden tunnustekoja. Ristinkuolemallaan Jeesus sovitti maailman synnit, nousi kuolleista ja astui yl\u00f6s taivaaseen Is\u00e4n oikealle puolelle.<\/p>\n<h4><strong>4. Ihminen, syntiinlankeemus ja pelastus<\/strong><\/h4>\n<p>Jumala loi ihmisen omaksi kuvakseen ja yhteyteens\u00e4, mutta syntiinlankeemuksessa ihminen joutui eroon Jumalasta. Uskomalla Jeesukseen, ihminen saa lahjaksi vanhurskauden ja uudestisyntyy Jumalan lapseksi.<\/p>\n<h4><strong>5. Pyh\u00e4n Hengen ty\u00f6<\/strong><\/h4>\n<p>Pyh\u00e4 Henki her\u00e4tt\u00e4\u00e4 ihmisen hengellisesti, niin ett\u00e4 h\u00e4n voi ottaa vstaan Jumalan valmistaman pelastuksen, jolloin Pyh\u00e4 Henki tulee h\u00e4neen asumaan. Jeesus Kristus kastaa uskovan Pyh\u00e4ll\u00e4 Hengell\u00e4, joka jakaa armolahjoja seurakunnan rakentumiseksi niinkuin apostolien aikana. Uskova on tarkoitettu el\u00e4m\u00e4\u00e4n Pyh\u00e4n Hengen t\u00e4yteydess\u00e4 Hengen hedelm\u00e4\u00e4 kantaen.<\/p>\n<h4><strong>6. Seurakunta<\/strong><\/h4>\n<p>Seurakunta on Kristuksen perustama ja johtama, apostolien opetukselle rakennettu uskovien yhteis\u00f6. Kaikki uskovat kaikkialla ja kaikkina aikoina kuuluvat yhteen ja yhteiseen seurakuntaan, joka n\u00e4kyv\u00e4ll\u00e4 tavalla ilmenee paikallisseurakuntana. Jeesus Kristus k\u00e4ski seurakuntaansa tekem\u00e4\u00e4n kaikista kansoista opetuslapsia, kastamalla ja opettamalla heit\u00e4. Seurakunta muodostaa hengellisen papiston, jonka teht\u00e4v\u00e4n\u00e4 on palvella Herraa ja osoittaa kristillist\u00e4 rakkautta kaikkia ihmisi\u00e4 kohtaan.<\/p>\n<h4><strong>7. Kaste<\/strong><\/h4>\n<p>Jeesuksen asettama kaste liittyy Jumalan pelastusty\u00f6h\u00f6n. Kaste toimitetaan uskovalle Jeesuksen Kristuksen k\u00e4skyst\u00e4 Is\u00e4n ja Pojan ja Pyh\u00e4n Hengen nimeen veteen upottamalla. Kastettu liitet\u00e4\u00e4n paikalliseen seurakuntaan.<\/p>\n<h4><strong>8. Ehtoollinen<\/strong><\/h4>\n<p>Ehtoollinen on Jeesuksen seuraajilleen asettama muisto- ja yhteysateria, jossa H\u00e4n on uskon kautta itse l\u00e4sn\u00e4. Ehtoollinen julistaa Jeesuksen sovitusty\u00f6t\u00e4 ja on osallisuutta h\u00e4nen kuolemaansa ja yl\u00f6snousemukseensa.<\/p>\n<h4><strong>9. Kuolema ja yl\u00f6snousemus<\/strong><\/h4>\n<p>Kaikki ihmiset kokevat ruumiillisen yl\u00f6snousemuksen. Vanhurskaat nousevat el\u00e4m\u00e4n yl\u00f6snousemuksessa ja jumalattomat tuomion yl\u00f6snousemuksessa.<\/p>\n<h4><strong>10. Jeesuksen tulemus ja iankaikkisuus<\/strong><\/h4>\n<p>Jeesus Kristus tempaa lupauksensa mukaan seurakuntansa luokseen, mink\u00e4 j\u00e4lkeen h\u00e4n tulee kuninkaana hallitsemaan koko maailmaa. Jumala luo uuden taivaan ja uuden maan. T\u00e4m\u00e4 on vanhurskaiden ikuinen osa.<\/p>\n\n\n<p><\/p>\n","protected":false},"excerpt":{"rendered":"<p>Olemme joukko Jeesukseen uskovia ihmisi\u00e4 Kemist\u00e4 ja sen ymp\u00e4ryskunnista. Seurakunnan rukoushuone sijaitsee Kemin keskustassa. Seurakunnan opetus ja oppi perustuu Raamattuun. Seurakuntaa johtaa vanhimmisto. Seurakunta koostuu henkil\u00f6ist\u00e4, jotka ovat uskoontulon j\u00e4lkeen [&hellip;]<\/p>\n","protected":false},"author":1,"featured_media":0,"parent":0,"menu_order":0,"comment_status":"closed","ping_status":"closed","template":"","meta":{"footnotes":""},"class_list":["post-229","page","type-page","status-publish","hentry"],"yoast_head":"<!-- This site is optimized with the Yoast SEO plugin v26.9 - https:\/\/yoast.com\/product\/yoast-seo-wordpress\/ -->\n<title>Keit\u00e4 me olemme - Kemin Helluntaiseurakunta<\/title>\n<meta name=\"robots\" content=\"index, follow, max-snippet:-1, max-image-preview:large, max-video-preview:-1\" \/>\n<link rel=\"canonical\" href=\"https:\/\/khsrk.fi\/?page_id=229\" \/>\n<meta property=\"og:locale\" content=\"fi_FI\" \/>\n<meta property=\"og:type\" content=\"article\" \/>\n<meta property=\"og:title\" content=\"Keit\u00e4 me olemme - Kemin Helluntaiseurakunta\" \/>\n<meta property=\"og:description\" content=\"Olemme joukko Jeesukseen uskovia ihmisi\u00e4 Kemist\u00e4 ja sen ymp\u00e4ryskunnista. Seurakunnan rukoushuone sijaitsee Kemin keskustassa. Seurakunnan opetus ja oppi perustuu Raamattuun. Seurakuntaa johtaa vanhimmisto. Seurakunta koostuu henkil\u00f6ist\u00e4, jotka ovat uskoontulon j\u00e4lkeen [&hellip;]\" \/>\n<meta property=\"og:url\" content=\"https:\/\/khsrk.fi\/?page_id=229\" \/>\n<meta property=\"og:site_name\" content=\"Kemin Helluntaiseurakunta\" \/>\n<meta property=\"article:publisher\" content=\"https:\/\/www.facebook.com\/KeminHelluntaiseurakunta\" \/>\n<meta property=\"article:modified_time\" content=\"2026-01-30T09:43:32+00:00\" \/>\n<meta name=\"twitter:card\" content=\"summary_large_image\" \/>\n<meta name=\"twitter:label1\" content=\"Arvioitu lukuaika\" \/>\n\t<meta name=\"twitter:data1\" content=\"3 minuuttia\" \/>\n<script type=\"application\/ld+json\" class=\"yoast-schema-graph\">{\"@context\":\"https:\/\/schema.org\",\"@graph\":[{\"@type\":\"WebPage\",\"@id\":\"https:\/\/khsrk.fi\/?page_id=229\",\"url\":\"https:\/\/khsrk.fi\/?page_id=229\",\"name\":\"Keit\u00e4 me olemme - Kemin Helluntaiseurakunta\",\"isPartOf\":{\"@id\":\"https:\/\/khsrk.fi\/#website\"},\"datePublished\":\"2024-08-10T20:00:27+00:00\",\"dateModified\":\"2026-01-30T09:43:32+00:00\",\"breadcrumb\":{\"@id\":\"https:\/\/khsrk.fi\/?page_id=229#breadcrumb\"},\"inLanguage\":\"fi\",\"potentialAction\":[{\"@type\":\"ReadAction\",\"target\":[\"https:\/\/khsrk.fi\/?page_id=229\"]}]},{\"@type\":\"BreadcrumbList\",\"@id\":\"https:\/\/khsrk.fi\/?page_id=229#breadcrumb\",\"itemListElement\":[{\"@type\":\"ListItem\",\"position\":1,\"name\":\"Etusivu\",\"item\":\"https:\/\/khsrk.fi\/\"},{\"@type\":\"ListItem\",\"position\":2,\"name\":\"Keit\u00e4 me olemme\"}]},{\"@type\":\"WebSite\",\"@id\":\"https:\/\/khsrk.fi\/#website\",\"url\":\"https:\/\/khsrk.fi\/\",\"name\":\"Kemin Helluntaiseurakunta\",\"description\":\"Jeesus, Meri-Lappi &amp; Maailman \u00c4\u00e4ret Kristukselle\",\"publisher\":{\"@id\":\"https:\/\/khsrk.fi\/#organization\"},\"potentialAction\":[{\"@type\":\"SearchAction\",\"target\":{\"@type\":\"EntryPoint\",\"urlTemplate\":\"https:\/\/khsrk.fi\/?s={search_term_string}\"},\"query-input\":{\"@type\":\"PropertyValueSpecification\",\"valueRequired\":true,\"valueName\":\"search_term_string\"}}],\"inLanguage\":\"fi\"},{\"@type\":\"Organization\",\"@id\":\"https:\/\/khsrk.fi\/#organization\",\"name\":\"Kemin Helluntaiseurakunta\",\"url\":\"https:\/\/khsrk.fi\/\",\"logo\":{\"@type\":\"ImageObject\",\"inLanguage\":\"fi\",\"@id\":\"https:\/\/khsrk.fi\/#\/schema\/logo\/image\/\",\"url\":\"https:\/\/khsrk.fi\/wp-content\/uploads\/2023\/07\/Nimeton-malli-1.png\",\"contentUrl\":\"https:\/\/khsrk.fi\/wp-content\/uploads\/2023\/07\/Nimeton-malli-1.png\",\"width\":940,\"height\":788,\"caption\":\"Kemin Helluntaiseurakunta\"},\"image\":{\"@id\":\"https:\/\/khsrk.fi\/#\/schema\/logo\/image\/\"},\"sameAs\":[\"https:\/\/www.facebook.com\/KeminHelluntaiseurakunta\"]}]}<\/script>\n<!-- \/ Yoast SEO plugin. -->","yoast_head_json":{"title":"Keit\u00e4 me olemme - Kemin Helluntaiseurakunta","robots":{"index":"index","follow":"follow","max-snippet":"max-snippet:-1","max-image-preview":"max-image-preview:large","max-video-preview":"max-video-preview:-1"},"canonical":"https:\/\/khsrk.fi\/?page_id=229","og_locale":"fi_FI","og_type":"article","og_title":"Keit\u00e4 me olemme - Kemin Helluntaiseurakunta","og_description":"Olemme joukko Jeesukseen uskovia ihmisi\u00e4 Kemist\u00e4 ja sen ymp\u00e4ryskunnista. Seurakunnan rukoushuone sijaitsee Kemin keskustassa. Seurakunnan opetus ja oppi perustuu Raamattuun. Seurakuntaa johtaa vanhimmisto. Seurakunta koostuu henkil\u00f6ist\u00e4, jotka ovat uskoontulon j\u00e4lkeen [&hellip;]","og_url":"https:\/\/khsrk.fi\/?page_id=229","og_site_name":"Kemin Helluntaiseurakunta","article_publisher":"https:\/\/www.facebook.com\/KeminHelluntaiseurakunta","article_modified_time":"2026-01-30T09:43:32+00:00","twitter_card":"summary_large_image","twitter_misc":{"Arvioitu lukuaika":"3 minuuttia"},"schema":{"@context":"https:\/\/schema.org","@graph":[{"@type":"WebPage","@id":"https:\/\/khsrk.fi\/?page_id=229","url":"https:\/\/khsrk.fi\/?page_id=229","name":"Keit\u00e4 me olemme - Kemin Helluntaiseurakunta","isPartOf":{"@id":"https:\/\/khsrk.fi\/#website"},"datePublished":"2024-08-10T20:00:27+00:00","dateModified":"2026-01-30T09:43:32+00:00","breadcrumb":{"@id":"https:\/\/khsrk.fi\/?page_id=229#breadcrumb"},"inLanguage":"fi","potentialAction":[{"@type":"ReadAction","target":["https:\/\/khsrk.fi\/?page_id=229"]}]},{"@type":"BreadcrumbList","@id":"https:\/\/khsrk.fi\/?page_id=229#breadcrumb","itemListElement":[{"@type":"ListItem","position":1,"name":"Etusivu","item":"https:\/\/khsrk.fi\/"},{"@type":"ListItem","position":2,"name":"Keit\u00e4 me olemme"}]},{"@type":"WebSite","@id":"https:\/\/khsrk.fi\/#website","url":"https:\/\/khsrk.fi\/","name":"Kemin Helluntaiseurakunta","description":"Jeesus, Meri-Lappi &amp; Maailman \u00c4\u00e4ret Kristukselle","publisher":{"@id":"https:\/\/khsrk.fi\/#organization"},"potentialAction":[{"@type":"SearchAction","target":{"@type":"EntryPoint","urlTemplate":"https:\/\/khsrk.fi\/?s={search_term_string}"},"query-input":{"@type":"PropertyValueSpecification","valueRequired":true,"valueName":"search_term_string"}}],"inLanguage":"fi"},{"@type":"Organization","@id":"https:\/\/khsrk.fi\/#organization","name":"Kemin Helluntaiseurakunta","url":"https:\/\/khsrk.fi\/","logo":{"@type":"ImageObject","inLanguage":"fi","@id":"https:\/\/khsrk.fi\/#\/schema\/logo\/image\/","url":"https:\/\/khsrk.fi\/wp-content\/uploads\/2023\/07\/Nimeton-malli-1.png","contentUrl":"https:\/\/khsrk.fi\/wp-content\/uploads\/2023\/07\/Nimeton-malli-1.png","width":940,"height":788,"caption":"Kemin Helluntaiseurakunta"},"image":{"@id":"https:\/\/khsrk.fi\/#\/schema\/logo\/image\/"},"sameAs":["https:\/\/www.facebook.com\/KeminHelluntaiseurakunta"]}]}},"_links":{"self":[{"href":"https:\/\/khsrk.fi\/index.php?rest_route=\/wp\/v2\/pages\/229","targetHints":{"allow":["GET"]}}],"collection":[{"href":"https:\/\/khsrk.fi\/index.php?rest_route=\/wp\/v2\/pages"}],"about":[{"href":"https:\/\/khsrk.fi\/index.php?rest_route=\/wp\/v2\/types\/page"}],"author":[{"embeddable":true,"href":"https:\/\/khsrk.fi\/index.php?rest_route=\/wp\/v2\/users\/1"}],"replies":[{"embeddable":true,"href":"https:\/\/khsrk.fi\/index.php?rest_route=%2Fwp%2Fv2%2Fcomments&post=229"}],"version-history":[{"count":24,"href":"https:\/\/khsrk.fi\/index.php?rest_route=\/wp\/v2\/pages\/229\/revisions"}],"predecessor-version":[{"id":398,"href":"https:\/\/khsrk.fi\/index.php?rest_route=\/wp\/v2\/pages\/229\/revisions\/398"}],"wp:attachment":[{"href":"https:\/\/khsrk.fi\/index.php?rest_route=%2Fwp%2Fv2%2Fmedia&parent=229"}],"curies":[{"name":"wp","href":"https:\/\/api.w.org\/{rel}","templated":true}]}}