{"id":248,"date":"2024-08-10T23:29:47","date_gmt":"2024-08-10T20:29:47","guid":{"rendered":"http:\/\/khsrk.fi\/?page_id=248"},"modified":"2026-01-30T11:10:00","modified_gmt":"2026-01-30T09:10:00","slug":"historia","status":"publish","type":"page","link":"https:\/\/khsrk.fi\/?page_id=248","title":{"rendered":"Historia"},"content":{"rendered":"<p>Kemin Helluntaiseurakunta on vanhin Lapin l\u00e4\u00e4nin nykyisist\u00e4, jatkuvasti toimineista helluntaiseurakunnista. Tornioon oli aikaisemmin perustettu seurakunta, mutta he liittyiv\u00e4t rukouspiirin\u00e4\u00a0Kemiin\u00a01956 ja j\u00e4rjest\u00e4ytyiv\u00e4t uudelleen seurakunnaksi 1964.<\/p>\n<p>Ty\u00f6\u00a0<b>Kemiss\u00e4 sai alkunsa jo 1930-luvulla<\/b>\u00a0kiert\u00e4vien puhujien vieraillessa t\u00e4\u00e4ll\u00e4. Perustajaj\u00e4senist\u00e4 yksi tuli uskoon jo 1930. 15.7.1939 j\u00e4rjest\u00e4ytynytt\u00e4 Kemin Saalem seurakuntaa oli perustamassa 31 henke\u00e4. Heist\u00e4 osa oli paikkakunnalla uskoon tulleita, osa t\u00e4nne muualta uskovina muuttaneita. Seurakunnan nimi muutettiin 1969 her\u00e4tysliikkeess\u00e4 vallinneen, yhten\u00e4isyytt\u00e4 tavoittelevan suuntauksen mukaan. Uudeksi nimeksi tuli Kemin Helluntaiseurakunta.<\/p>\n<p>Aluksi\u00a0<b>kokoonnuttiin eri puolilla kaupunkia seurakuntalaisten kodeissa<\/b>, joissa pidettiin my\u00f6s yleiset tilaisuudet. Veitsiluodossa kokoonnuttiin my\u00f6s Hanna Heikuran parturinliikkeess\u00e4 ja pitki\u00e4 aikoja s\u00e4\u00e4nn\u00f6llisesti Veitsiluoto Oy:n lukusalissa. Veitsiluodossa j\u00e4rjestettiin muutamina vuosina kes\u00e4juhliakin ja niiden yhteydess\u00e4 kastetilaisuuksia meren rannassa.<\/p>\n<p>Jonkin verran\u00a0<b>toimittiin my\u00f6s vuokratiloissa<\/b>\u00a0mm. Keskuspuistokadun varrella Urho Rautiaisen talossa, Koivuharjulla Heikki Kakolla, Ritikassa Paanasella ja Imarinkadun varrella Heikki Kaivolan talossa.<\/p>\n<p><b>Vuonna 1948<\/b>\u00a0seurakunta osti Ritikasta omakotitalon, josta saneerattiin rukoushuone. Siin\u00e4 jatkui toiminta vuoteen 1954 asti. Siell\u00e4 saimme kokea erikoista siunausta pyh\u00e4kouluty\u00f6ss\u00e4, jota Eelis ja Elsa Leinonen yhdess\u00e4 pitiv\u00e4t. Oppilaita oli kirjoissa toista sataa ja paikallakin aina v\u00e4hint\u00e4\u00e4n noin 80.<\/p>\n<p>Tuo\u00a0<b>talo myytiin 1954 ja ostettiin kiinteist\u00f6 Koulukatu kuudesta<\/b>\u00a0t\u00e4m\u00e4, jossa nyt olemme. Vuokras\u00e4\u00e4nn\u00f6stelyst\u00e4 johtuen talo saatiin hallintaamme vasta 1957. Kokoustoimintamme oli noina vuosina Liikev\u00e4en ruokalassa Sauvosaarenkadun varrella. Tuossa huoneistossa koimme siunauksia Jumalan vastatessa rukouksiimme. Kun aluksi kuulijoita oli vain muutamia, alkoi sali k\u00e4yd\u00e4 vuoden 1956 syksyll\u00e4 jo ahtaaksi. Pelastusta etsivien m\u00e4\u00e4r\u00e4 lis\u00e4\u00e4ntyi jatkuvasti vaikka mit\u00e4\u00e4n erikoiskokouksia tai puhujavieraita ei ollutkaan. Toiminnan puitteetkin kokousilmoituksia my\u00f6ten olivat samanlaiset. Seurakunnan\u00a0<b>voimakas rukousel\u00e4m\u00e4 kantoi hedelm\u00e4\u00e4<\/b>. Vuosina 1956\u20131958 oli useita kastetilaisuuksia. Kes\u00e4isin ne pidettiin meren rannalla, talvisin Haaparannan Betel-rukoushuoneessa. Kerran seurakunta k\u00e4vi siell\u00e4 kahdella linja-autolla, jotka molemmat olivat t\u00e4ynn\u00e4. Kastettavia oli sill\u00e4 kerralla toistakymment\u00e4.<\/p>\n<p>Kun\u00a0<b>Koulukatu kuuden kiinteist\u00f6 saatiin omaan hallintaan syksyll\u00e4 1957<\/b>\u00a0alkoi seurakunnalla suuri ty\u00f6. Aluksi muutost\u00f6iss\u00e4 oli tavoitteena v\u00e4liaikaisen kokoontumistilan aikaansaamiseen. Siihen meit\u00e4 pakotti tieto ett\u00e4 saamme pit\u00e4\u00e4 viimeisen tilaisuutemme Liikev\u00e4en ruokalassa 12.1.1958. Jumala siunasi ty\u00f6mme , ett\u00e4 kokoustoimintaamme ei tullut keskeytyst\u00e4. T\u00e4ss\u00e4 rakennuksessa kokoonnuimme ensimm\u00e4isen kerran 19.1.1958. Vuoden 1958 aikana teimme kiinteist\u00f6ss\u00e4mme suuret muutosty\u00f6t p\u00e4\u00e4osin talkooty\u00f6n\u00e4. Rukoushuoneen vihki\u00e4isjuhla pidettiin helmikuussa 1959.<\/p>\n<p>Seurakunnan j\u00e4senluku on t\u00e4h\u00e4n menness\u00e4\u00a0<b>korkeimmillaan ollut vuonna 1963<\/b>, jolloin se oli 263. Tuolloin pel\u00e4ttiin jo uuden rukoushuoneen k\u00e4yv\u00e4n pieneksi. Seurakunnan taakse j\u00e4\u00e4nytt\u00e4 taipaletta katsellessa, n\u00e4ytt\u00e4\u00e4 vuosi 1956 olleen antoisin. Silloin j\u00e4senm\u00e4\u00e4r\u00e4 lis\u00e4\u00e4ntyi kasteen kautta mukaan tulleilla 43 hengell\u00e4. Viel\u00e4 seuraavanakin vuonna saimme kastaa 40 uskoon tullutta.<\/p>\n<p><b>Ymp\u00e4rist\u00f6ty\u00f6t\u00e4 on tehty 1960 luvulle asti\u00a0<\/b>melko laajalla alueella: L\u00e4nsi \u00adLapissa Kolariin asti, Ranuan suunnalla Rytinkiin ja Kemijoki-varressa Sihtuunaan, Varejoelle, Tervolaan, Koivuun ja Akkunusjoen varressa Pahtaojalle asti.<\/p>\n<p><b>L\u00e4hetysty\u00f6ss\u00e4 on seurakuntamme ollut mukana<\/b>\u00a0jo kymmeni\u00e4 vuosia. Aluksi kannatimme Helvi Halmetta Belgiassa ja Etiopiassa. My\u00f6hemmin olimme mukana kannattamassa Orvokki Vuorista ensin Etiopiassa ja sitten Thaimaassa. Timo ja Tytti Tuomisalo ovat olleet useaan otteeseen l\u00e4hettein\u00e4mme, viimeksi Ugandassa. Jouni Leinonen on ollut yli 20 vuotta l\u00e4hettin\u00e4mme Keniassa.<\/p>\n<p>Seurakunnan palkattuja ty\u00f6ntekij\u00f6it\u00e4 ovat olleet:\u00a0<b>Juho Lepp\u00e4harju<\/b>\u00a01940\u20131941,\u00a0<b>Kerttu Siikala<\/b>\u00a01941\u20131943,\u00a0<b>Anna Oksanen<\/b>\u00a01943\u20131950,\u00a0<b>Topias Sutela<\/b>\u00a01950\u20131953,\u00a0<b>Eelis Leinonen<\/b>\u00a01953\u20131968,\u00a0<b>Jussi Jokisaari<\/b>\u00a01968\u20131971,\u00a0<b>Juhani Karvinen<\/b>\u00a01972\u20131976,\u00a0<b>Paavo Hyytinen<\/b>\u00a01976\u00ad- 1978,\u00a0<b>Martti V\u00e4yrynen<\/b>1978\u20131983,\u00a0<b>Heikki Kaikula<\/b>\u00a01983\u20131989,\u00a0<b>Esko Rantala<\/b> 1992\u20131997, <b>Matti Karvinen<\/b> 1997\u20132002, <b>Juhani Kolehmainen<\/b> 2006-2009 ja\u00a0<strong>Ossi Karjalainen\u00a0<\/strong>2020-2025.<\/p>\n<p>Monin verroin suurempi on se\u00a0<b>vapaaehtoisty\u00f6ntekij\u00e4in joukko<\/b>\u00a0joka kuluneiden vuosien aikana on kantanut vastuuta seurakunnan toiminnassa, jotta seurakunnan teht\u00e4v\u00e4, evankeliumin saattaminen kaikille luoduille, toteutuisi. Heid\u00e4n joukkoonsa kuuluvat kuorolaiset, pyh\u00e4koulujen opettajat, kerhojen ohjaajat, kirjamyyj\u00e4t, em\u00e4nn\u00e4t ja kaikki muutkin jotka ovat aikaansa, voimiansa ja varojansa yhteiseen ty\u00f6h\u00f6n antaneet. Vain taivas yksin tiet\u00e4\u00e4 heid\u00e4n m\u00e4\u00e4r\u00e4ns\u00e4 ja heid\u00e4n ty\u00f6ns\u00e4 arvon.<\/p>\n<p>Nyt kun katselemme taaksemme ja arvioimme mennytt\u00e4 aikaa, voimme yritt\u00e4\u00e4 arvioida tulevaisuuttakin. Siit\u00e4 tied\u00e4mme sen, ett\u00e4\u00a0<b>seurakunnan teht\u00e4v\u00e4 on viel\u00e4 kesken<\/b>. Meid\u00e4n tulee sit\u00e4 jatkaa k\u00e4ytett\u00e4viss\u00e4mme olevin mahdollisuuksin siihen asti kun seurakunnan Herra Jeesus tulee ottamaan omansa kirkkauteen.<img fetchpriority=\"high\" decoding=\"async\" class=\"alignnone size-full wp-image-369\" src=\"https:\/\/khsrk.fi\/wp-content\/uploads\/2026\/01\/WhatsApp-Image-2026-01-27-at-20.50.16.jpeg\" alt=\"\" width=\"2048\" height=\"1446\" srcset=\"https:\/\/khsrk.fi\/wp-content\/uploads\/2026\/01\/WhatsApp-Image-2026-01-27-at-20.50.16.jpeg 2048w, https:\/\/khsrk.fi\/wp-content\/uploads\/2026\/01\/WhatsApp-Image-2026-01-27-at-20.50.16-300x212.jpeg 300w, https:\/\/khsrk.fi\/wp-content\/uploads\/2026\/01\/WhatsApp-Image-2026-01-27-at-20.50.16-1024x723.jpeg 1024w, https:\/\/khsrk.fi\/wp-content\/uploads\/2026\/01\/WhatsApp-Image-2026-01-27-at-20.50.16-768x542.jpeg 768w, https:\/\/khsrk.fi\/wp-content\/uploads\/2026\/01\/WhatsApp-Image-2026-01-27-at-20.50.16-1536x1085.jpeg 1536w\" sizes=\"(max-width: 2048px) 100vw, 2048px\" \/><img decoding=\"async\" class=\"alignnone size-full wp-image-368\" src=\"https:\/\/khsrk.fi\/wp-content\/uploads\/2026\/01\/WhatsApp-Image-2026-01-27-at-20.50.26.jpeg\" alt=\"\" width=\"2048\" height=\"1691\" srcset=\"https:\/\/khsrk.fi\/wp-content\/uploads\/2026\/01\/WhatsApp-Image-2026-01-27-at-20.50.26.jpeg 2048w, https:\/\/khsrk.fi\/wp-content\/uploads\/2026\/01\/WhatsApp-Image-2026-01-27-at-20.50.26-300x248.jpeg 300w, https:\/\/khsrk.fi\/wp-content\/uploads\/2026\/01\/WhatsApp-Image-2026-01-27-at-20.50.26-1024x846.jpeg 1024w, https:\/\/khsrk.fi\/wp-content\/uploads\/2026\/01\/WhatsApp-Image-2026-01-27-at-20.50.26-768x634.jpeg 768w, https:\/\/khsrk.fi\/wp-content\/uploads\/2026\/01\/WhatsApp-Image-2026-01-27-at-20.50.26-1536x1268.jpeg 1536w\" sizes=\"(max-width: 2048px) 100vw, 2048px\" \/><\/p>\n\n\n<p><\/p>\n","protected":false},"excerpt":{"rendered":"<p>Kemin Helluntaiseurakunta on vanhin Lapin l\u00e4\u00e4nin nykyisist\u00e4, jatkuvasti toimineista helluntaiseurakunnista. Tornioon oli aikaisemmin perustettu seurakunta, mutta he liittyiv\u00e4t rukouspiirin\u00e4\u00a0Kemiin\u00a01956 ja j\u00e4rjest\u00e4ytyiv\u00e4t uudelleen seurakunnaksi 1964. Ty\u00f6\u00a0Kemiss\u00e4 sai alkunsa jo 1930-luvulla\u00a0kiert\u00e4vien puhujien [&hellip;]<\/p>\n","protected":false},"author":1,"featured_media":0,"parent":0,"menu_order":0,"comment_status":"closed","ping_status":"closed","template":"","meta":{"footnotes":""},"class_list":["post-248","page","type-page","status-publish","hentry"],"yoast_head":"<!-- This site is optimized with the Yoast SEO plugin v26.9 - https:\/\/yoast.com\/product\/yoast-seo-wordpress\/ -->\n<title>Historia - Kemin Helluntaiseurakunta<\/title>\n<meta name=\"robots\" content=\"index, follow, max-snippet:-1, max-image-preview:large, max-video-preview:-1\" \/>\n<link rel=\"canonical\" href=\"https:\/\/khsrk.fi\/?page_id=248\" \/>\n<meta property=\"og:locale\" content=\"fi_FI\" \/>\n<meta property=\"og:type\" content=\"article\" \/>\n<meta property=\"og:title\" content=\"Historia - Kemin Helluntaiseurakunta\" \/>\n<meta property=\"og:description\" content=\"Kemin Helluntaiseurakunta on vanhin Lapin l\u00e4\u00e4nin nykyisist\u00e4, jatkuvasti toimineista helluntaiseurakunnista. Tornioon oli aikaisemmin perustettu seurakunta, mutta he liittyiv\u00e4t rukouspiirin\u00e4\u00a0Kemiin\u00a01956 ja j\u00e4rjest\u00e4ytyiv\u00e4t uudelleen seurakunnaksi 1964. Ty\u00f6\u00a0Kemiss\u00e4 sai alkunsa jo 1930-luvulla\u00a0kiert\u00e4vien puhujien [&hellip;]\" \/>\n<meta property=\"og:url\" content=\"https:\/\/khsrk.fi\/?page_id=248\" \/>\n<meta property=\"og:site_name\" content=\"Kemin Helluntaiseurakunta\" \/>\n<meta property=\"article:publisher\" content=\"https:\/\/www.facebook.com\/KeminHelluntaiseurakunta\" \/>\n<meta property=\"article:modified_time\" content=\"2026-01-30T09:10:00+00:00\" \/>\n<meta property=\"og:image\" content=\"http:\/\/khsrk.fi\/wp-content\/uploads\/2026\/01\/WhatsApp-Image-2026-01-27-at-20.50.16.jpeg\" \/>\n<meta name=\"twitter:card\" content=\"summary_large_image\" \/>\n<meta name=\"twitter:label1\" content=\"Arvioitu lukuaika\" \/>\n\t<meta name=\"twitter:data1\" content=\"5 minuuttia\" \/>\n<script type=\"application\/ld+json\" class=\"yoast-schema-graph\">{\"@context\":\"https:\/\/schema.org\",\"@graph\":[{\"@type\":\"WebPage\",\"@id\":\"https:\/\/khsrk.fi\/?page_id=248\",\"url\":\"https:\/\/khsrk.fi\/?page_id=248\",\"name\":\"Historia - Kemin Helluntaiseurakunta\",\"isPartOf\":{\"@id\":\"https:\/\/khsrk.fi\/#website\"},\"primaryImageOfPage\":{\"@id\":\"https:\/\/khsrk.fi\/?page_id=248#primaryimage\"},\"image\":{\"@id\":\"https:\/\/khsrk.fi\/?page_id=248#primaryimage\"},\"thumbnailUrl\":\"http:\/\/khsrk.fi\/wp-content\/uploads\/2026\/01\/WhatsApp-Image-2026-01-27-at-20.50.16.jpeg\",\"datePublished\":\"2024-08-10T20:29:47+00:00\",\"dateModified\":\"2026-01-30T09:10:00+00:00\",\"breadcrumb\":{\"@id\":\"https:\/\/khsrk.fi\/?page_id=248#breadcrumb\"},\"inLanguage\":\"fi\",\"potentialAction\":[{\"@type\":\"ReadAction\",\"target\":[\"https:\/\/khsrk.fi\/?page_id=248\"]}]},{\"@type\":\"ImageObject\",\"inLanguage\":\"fi\",\"@id\":\"https:\/\/khsrk.fi\/?page_id=248#primaryimage\",\"url\":\"https:\/\/khsrk.fi\/wp-content\/uploads\/2026\/01\/WhatsApp-Image-2026-01-27-at-20.50.16.jpeg\",\"contentUrl\":\"https:\/\/khsrk.fi\/wp-content\/uploads\/2026\/01\/WhatsApp-Image-2026-01-27-at-20.50.16.jpeg\",\"width\":2048,\"height\":1446},{\"@type\":\"BreadcrumbList\",\"@id\":\"https:\/\/khsrk.fi\/?page_id=248#breadcrumb\",\"itemListElement\":[{\"@type\":\"ListItem\",\"position\":1,\"name\":\"Etusivu\",\"item\":\"https:\/\/khsrk.fi\/\"},{\"@type\":\"ListItem\",\"position\":2,\"name\":\"Historia\"}]},{\"@type\":\"WebSite\",\"@id\":\"https:\/\/khsrk.fi\/#website\",\"url\":\"https:\/\/khsrk.fi\/\",\"name\":\"Kemin Helluntaiseurakunta\",\"description\":\"Jeesus, Meri-Lappi &amp; Maailman \u00c4\u00e4ret Kristukselle\",\"publisher\":{\"@id\":\"https:\/\/khsrk.fi\/#organization\"},\"potentialAction\":[{\"@type\":\"SearchAction\",\"target\":{\"@type\":\"EntryPoint\",\"urlTemplate\":\"https:\/\/khsrk.fi\/?s={search_term_string}\"},\"query-input\":{\"@type\":\"PropertyValueSpecification\",\"valueRequired\":true,\"valueName\":\"search_term_string\"}}],\"inLanguage\":\"fi\"},{\"@type\":\"Organization\",\"@id\":\"https:\/\/khsrk.fi\/#organization\",\"name\":\"Kemin Helluntaiseurakunta\",\"url\":\"https:\/\/khsrk.fi\/\",\"logo\":{\"@type\":\"ImageObject\",\"inLanguage\":\"fi\",\"@id\":\"https:\/\/khsrk.fi\/#\/schema\/logo\/image\/\",\"url\":\"https:\/\/khsrk.fi\/wp-content\/uploads\/2023\/07\/Nimeton-malli-1.png\",\"contentUrl\":\"https:\/\/khsrk.fi\/wp-content\/uploads\/2023\/07\/Nimeton-malli-1.png\",\"width\":940,\"height\":788,\"caption\":\"Kemin Helluntaiseurakunta\"},\"image\":{\"@id\":\"https:\/\/khsrk.fi\/#\/schema\/logo\/image\/\"},\"sameAs\":[\"https:\/\/www.facebook.com\/KeminHelluntaiseurakunta\"]}]}<\/script>\n<!-- \/ Yoast SEO plugin. -->","yoast_head_json":{"title":"Historia - Kemin Helluntaiseurakunta","robots":{"index":"index","follow":"follow","max-snippet":"max-snippet:-1","max-image-preview":"max-image-preview:large","max-video-preview":"max-video-preview:-1"},"canonical":"https:\/\/khsrk.fi\/?page_id=248","og_locale":"fi_FI","og_type":"article","og_title":"Historia - Kemin Helluntaiseurakunta","og_description":"Kemin Helluntaiseurakunta on vanhin Lapin l\u00e4\u00e4nin nykyisist\u00e4, jatkuvasti toimineista helluntaiseurakunnista. Tornioon oli aikaisemmin perustettu seurakunta, mutta he liittyiv\u00e4t rukouspiirin\u00e4\u00a0Kemiin\u00a01956 ja j\u00e4rjest\u00e4ytyiv\u00e4t uudelleen seurakunnaksi 1964. Ty\u00f6\u00a0Kemiss\u00e4 sai alkunsa jo 1930-luvulla\u00a0kiert\u00e4vien puhujien [&hellip;]","og_url":"https:\/\/khsrk.fi\/?page_id=248","og_site_name":"Kemin Helluntaiseurakunta","article_publisher":"https:\/\/www.facebook.com\/KeminHelluntaiseurakunta","article_modified_time":"2026-01-30T09:10:00+00:00","og_image":[{"url":"http:\/\/khsrk.fi\/wp-content\/uploads\/2026\/01\/WhatsApp-Image-2026-01-27-at-20.50.16.jpeg","type":"","width":"","height":""}],"twitter_card":"summary_large_image","twitter_misc":{"Arvioitu lukuaika":"5 minuuttia"},"schema":{"@context":"https:\/\/schema.org","@graph":[{"@type":"WebPage","@id":"https:\/\/khsrk.fi\/?page_id=248","url":"https:\/\/khsrk.fi\/?page_id=248","name":"Historia - Kemin Helluntaiseurakunta","isPartOf":{"@id":"https:\/\/khsrk.fi\/#website"},"primaryImageOfPage":{"@id":"https:\/\/khsrk.fi\/?page_id=248#primaryimage"},"image":{"@id":"https:\/\/khsrk.fi\/?page_id=248#primaryimage"},"thumbnailUrl":"http:\/\/khsrk.fi\/wp-content\/uploads\/2026\/01\/WhatsApp-Image-2026-01-27-at-20.50.16.jpeg","datePublished":"2024-08-10T20:29:47+00:00","dateModified":"2026-01-30T09:10:00+00:00","breadcrumb":{"@id":"https:\/\/khsrk.fi\/?page_id=248#breadcrumb"},"inLanguage":"fi","potentialAction":[{"@type":"ReadAction","target":["https:\/\/khsrk.fi\/?page_id=248"]}]},{"@type":"ImageObject","inLanguage":"fi","@id":"https:\/\/khsrk.fi\/?page_id=248#primaryimage","url":"https:\/\/khsrk.fi\/wp-content\/uploads\/2026\/01\/WhatsApp-Image-2026-01-27-at-20.50.16.jpeg","contentUrl":"https:\/\/khsrk.fi\/wp-content\/uploads\/2026\/01\/WhatsApp-Image-2026-01-27-at-20.50.16.jpeg","width":2048,"height":1446},{"@type":"BreadcrumbList","@id":"https:\/\/khsrk.fi\/?page_id=248#breadcrumb","itemListElement":[{"@type":"ListItem","position":1,"name":"Etusivu","item":"https:\/\/khsrk.fi\/"},{"@type":"ListItem","position":2,"name":"Historia"}]},{"@type":"WebSite","@id":"https:\/\/khsrk.fi\/#website","url":"https:\/\/khsrk.fi\/","name":"Kemin Helluntaiseurakunta","description":"Jeesus, Meri-Lappi &amp; Maailman \u00c4\u00e4ret Kristukselle","publisher":{"@id":"https:\/\/khsrk.fi\/#organization"},"potentialAction":[{"@type":"SearchAction","target":{"@type":"EntryPoint","urlTemplate":"https:\/\/khsrk.fi\/?s={search_term_string}"},"query-input":{"@type":"PropertyValueSpecification","valueRequired":true,"valueName":"search_term_string"}}],"inLanguage":"fi"},{"@type":"Organization","@id":"https:\/\/khsrk.fi\/#organization","name":"Kemin Helluntaiseurakunta","url":"https:\/\/khsrk.fi\/","logo":{"@type":"ImageObject","inLanguage":"fi","@id":"https:\/\/khsrk.fi\/#\/schema\/logo\/image\/","url":"https:\/\/khsrk.fi\/wp-content\/uploads\/2023\/07\/Nimeton-malli-1.png","contentUrl":"https:\/\/khsrk.fi\/wp-content\/uploads\/2023\/07\/Nimeton-malli-1.png","width":940,"height":788,"caption":"Kemin Helluntaiseurakunta"},"image":{"@id":"https:\/\/khsrk.fi\/#\/schema\/logo\/image\/"},"sameAs":["https:\/\/www.facebook.com\/KeminHelluntaiseurakunta"]}]}},"_links":{"self":[{"href":"https:\/\/khsrk.fi\/index.php?rest_route=\/wp\/v2\/pages\/248","targetHints":{"allow":["GET"]}}],"collection":[{"href":"https:\/\/khsrk.fi\/index.php?rest_route=\/wp\/v2\/pages"}],"about":[{"href":"https:\/\/khsrk.fi\/index.php?rest_route=\/wp\/v2\/types\/page"}],"author":[{"embeddable":true,"href":"https:\/\/khsrk.fi\/index.php?rest_route=\/wp\/v2\/users\/1"}],"replies":[{"embeddable":true,"href":"https:\/\/khsrk.fi\/index.php?rest_route=%2Fwp%2Fv2%2Fcomments&post=248"}],"version-history":[{"count":11,"href":"https:\/\/khsrk.fi\/index.php?rest_route=\/wp\/v2\/pages\/248\/revisions"}],"predecessor-version":[{"id":376,"href":"https:\/\/khsrk.fi\/index.php?rest_route=\/wp\/v2\/pages\/248\/revisions\/376"}],"wp:attachment":[{"href":"https:\/\/khsrk.fi\/index.php?rest_route=%2Fwp%2Fv2%2Fmedia&parent=248"}],"curies":[{"name":"wp","href":"https:\/\/api.w.org\/{rel}","templated":true}]}}