{"id":265,"date":"2024-08-11T00:03:05","date_gmt":"2024-08-10T21:03:05","guid":{"rendered":"http:\/\/khsrk.fi\/?page_id=265"},"modified":"2026-01-28T20:51:43","modified_gmt":"2026-01-28T18:51:43","slug":"tapahtumat","status":"publish","type":"page","link":"https:\/\/khsrk.fi\/?page_id=265","title":{"rendered":"Tapahtumat"},"content":{"rendered":"\n<div  class=\"tribe-compatibility-container\" >\n\t<div\n\t\t class=\"tribe-common tribe-events tribe-events-view tribe-events-view--widget-events-list tribe-events-widget\" \t\tdata-js=\"tribe-events-view\"\n\t\tdata-view-rest-url=\"https:\/\/khsrk.fi\/index.php?rest_route=\/tribe\/views\/v2\/html\"\n\t\tdata-view-manage-url=\"1\"\n\t\t\t\t\t\t\tdata-view-breakpoint-pointer=\"af09da77-119f-4183-8533-60f5cc84657a\"\n\t\t\t>\n\t\t<div class=\"tribe-events-widget-events-list\">\n\n\t\t\t<script type=\"application\/ld+json\">\r\n[{\"@context\":\"http:\/\/schema.org\",\"@type\":\"Event\",\"name\":\"Kuukauden raamattukoulu nro 4\",\"description\":\"\",\"url\":\"https:\/\/khsrk.fi\/?tribe_events=kuukauden-raamattukoulu-nro-4\",\"eventAttendanceMode\":\"https:\/\/schema.org\/OfflineEventAttendanceMode\",\"eventStatus\":\"https:\/\/schema.org\/EventScheduled\",\"startDate\":\"2026-05-04T17:15:00+03:00\",\"endDate\":\"2026-05-04T20:15:00+03:00\",\"performer\":\"Organization\"}]\r\n<\/script>\n\t\t\t<script data-js=\"tribe-events-view-data\" type=\"application\/json\">\n\t{\"slug\":\"widget-events-list\",\"prev_url\":\"\",\"next_url\":\"\",\"view_class\":\"Tribe\\\\Events\\\\Views\\\\V2\\\\Views\\\\Widgets\\\\Widget_List_View\",\"view_slug\":\"widget-events-list\",\"view_label\":\"View\",\"view\":null,\"should_manage_url\":true,\"id\":null,\"alias-slugs\":null,\"title\":\"Tapahtumat alkaen 1 toukokuun \\u2013 4 toukokuun \\u2013 Kemin Helluntaiseurakunta\",\"limit\":\"5\",\"no_upcoming_events\":false,\"featured_events_only\":false,\"jsonld_enable\":true,\"tribe_is_list_widget\":false,\"admin_fields\":{\"title\":{\"label\":\"Otsikko:\",\"type\":\"text\",\"parent_classes\":\"\",\"classes\":\"\",\"dependency\":\"\",\"id\":\"widget-tribe-widget-events-list--1-title\",\"name\":\"widget-tribe-widget-events-list[-1][title]\",\"options\":[],\"placeholder\":\"\",\"value\":null},\"limit\":{\"label\":\"N\\u00e4yt\\u00e4:\",\"type\":\"number\",\"default\":5,\"min\":1,\"max\":10,\"step\":1,\"parent_classes\":\"\",\"classes\":\"\",\"dependency\":\"\",\"id\":\"widget-tribe-widget-events-list--1-limit\",\"name\":\"widget-tribe-widget-events-list[-1][limit]\",\"options\":[],\"placeholder\":\"\",\"value\":null},\"no_upcoming_events\":{\"label\":\"Piilota t\\u00e4m\\u00e4 vimpain jos ei ole tulevia tapahtumia.\",\"type\":\"checkbox\",\"parent_classes\":\"\",\"classes\":\"\",\"dependency\":\"\",\"id\":\"widget-tribe-widget-events-list--1-no_upcoming_events\",\"name\":\"widget-tribe-widget-events-list[-1][no_upcoming_events]\",\"options\":[],\"placeholder\":\"\",\"value\":null},\"featured_events_only\":{\"label\":\"Rajoita vain kiinnitettyihin tapahtumiin\",\"type\":\"checkbox\",\"parent_classes\":\"\",\"classes\":\"\",\"dependency\":\"\",\"id\":\"widget-tribe-widget-events-list--1-featured_events_only\",\"name\":\"widget-tribe-widget-events-list[-1][featured_events_only]\",\"options\":[],\"placeholder\":\"\",\"value\":null},\"jsonld_enable\":{\"label\":\"Generate JSON-LD data\",\"type\":\"checkbox\",\"parent_classes\":\"\",\"classes\":\"\",\"dependency\":\"\",\"id\":\"widget-tribe-widget-events-list--1-jsonld_enable\",\"name\":\"widget-tribe-widget-events-list[-1][jsonld_enable]\",\"options\":[],\"placeholder\":\"\",\"value\":null}},\"events\":[503],\"url\":\"https:\\\/\\\/khsrk.fi\\\/?post_type=tribe_events&eventDisplay=widget-events-list\",\"url_event_date\":false,\"bar\":{\"keyword\":\"\",\"date\":\"\"},\"today\":\"2026-05-01 00:00:00\",\"now\":\"2026-05-01 16:57:43\",\"home_url\":\"https:\\\/\\\/khsrk.fi\",\"rest_url\":\"https:\\\/\\\/khsrk.fi\\\/index.php?rest_route=\\\/tribe\\\/views\\\/v2\\\/html\",\"rest_method\":\"GET\",\"rest_nonce\":\"\",\"today_url\":\"https:\\\/\\\/khsrk.fi\\\/?post_type=tribe_events&eventDisplay=widget-events-list&rest_route=%2Fwp%2Fv2%2Fpages%2F265\",\"today_title\":\"Klikkaa valitaksesi t\\u00e4m\\u00e4 p\\u00e4iv\\u00e4\",\"today_label\":\"T\\u00e4n\\u00e4\\u00e4n\",\"prev_label\":\"\",\"next_label\":\"\",\"date_formats\":{\"compact\":\"n\\\/j\\\/Y\",\"month_and_year_compact\":\"n\\\/j\\\/Y\",\"month_and_year\":\"F Y\",\"time_range_separator\":\" - \",\"date_time_separator\":\" @ \"},\"messages\":[],\"start_of_week\":\"1\",\"header_title\":\"\",\"header_title_element\":\"h1\",\"content_title\":\"\",\"breadcrumbs\":[],\"backlink\":false,\"before_events\":\"\",\"after_events\":\"\\n<!--\\nThis calendar is powered by The Events Calendar.\\nhttp:\\\/\\\/evnt.is\\\/18wn\\n-->\\n\",\"display_events_bar\":false,\"disable_event_search\":false,\"live_refresh\":true,\"ical\":{\"display_link\":true,\"link\":{\"url\":\"https:\\\/\\\/khsrk.fi\\\/?post_type=tribe_events&#038;eventDisplay=widget-events-list&#038;ical=1\",\"text\":\"Vie Tapahtumat\",\"title\":\"K\\u00e4yt\\u00e4 t\\u00e4t\\u00e4 jakaaksesi kalenterin tiedot Google-kalenterin, Apple iCal:in ja muiden yhteensopivien sovellusten kanssa\"}},\"container_classes\":[\"tribe-common\",\"tribe-events\",\"tribe-events-view\",\"tribe-events-view--widget-events-list\",\"tribe-events-widget\"],\"container_data\":[],\"is_past\":false,\"breakpoints\":{\"xsmall\":500,\"medium\":768,\"full\":960},\"breakpoint_pointer\":\"af09da77-119f-4183-8533-60f5cc84657a\",\"is_initial_load\":false,\"public_views\":{\"list\":{\"view_class\":\"Tribe\\\\Events\\\\Views\\\\V2\\\\Views\\\\List_View\",\"view_url\":\"https:\\\/\\\/khsrk.fi\\\/?post_type=tribe_events&eventDisplay=list\",\"view_label\":\"Lista\",\"aria_label\":\"Display Tapahtumat in Lista View\"}},\"show_latest_past\":false,\"past\":false,\"compatibility_classes\":[\"tribe-compatibility-container\"],\"view_more_text\":\"N\\u00e4yt\\u00e4 kalenteri\",\"view_more_title\":\"N\\u00e4yt\\u00e4 enemm\\u00e4n tapahtumat.\",\"view_more_link\":\"https:\\\/\\\/khsrk.fi\",\"widget_title\":\"Tulevat tapahtumat\",\"hide_if_no_upcoming_events\":false,\"display\":[],\"subscribe_links\":{\"gcal\":{\"label\":\"Google-kalenteri\",\"single_label\":\"Lis\\u00e4\\u00e4 Google-kalenteriin\",\"visible\":true,\"block_slug\":\"hasGoogleCalendar\"},\"ical\":{\"label\":\"iCalendar\",\"single_label\":\"Lis\\u00e4\\u00e4 iCalendariin\",\"visible\":true,\"block_slug\":\"hasiCal\"},\"outlook-365\":{\"label\":\"Outlook 365\",\"single_label\":\"Outlook 365\",\"visible\":true,\"block_slug\":\"hasOutlook365\"},\"outlook-live\":{\"label\":\"Outlook Live\",\"single_label\":\"Outlook Live\",\"visible\":true,\"block_slug\":\"hasOutlookLive\"},\"ics\":{\"label\":\"Vie .ics-tiedostona\",\"single_label\":\"Vie .ics-tiedostona\",\"visible\":true,\"block_slug\":null},\"outlook-ics\":{\"label\":\"Vie Outlook .ics -tiedostoon\",\"single_label\":\"Vie Outlook .ics -tiedostoon\",\"visible\":true,\"block_slug\":null}},\"_context\":{\"slug\":\"widget-events-list\"}}<\/script>\n\n\t\t\t\t\t\t\t<header class=\"tribe-events-widget-events-list__header\">\n\t\t\t\t\t<h2 class=\"tribe-events-widget-events-list__header-title tribe-common-h6 tribe-common-h--alt\">\n\t\t\t\t\t\tTulevat tapahtumat\t\t\t\t\t<\/h2>\n\t\t\t\t<\/header>\n\t\t\t\n\t\t\t\n\t\t\t\t<div class=\"tribe-events-widget-events-list__events\">\n\t\t\t\t\t\t\t\t\t\t\t<div  class=\"tribe-common-g-row tribe-events-widget-events-list__event-row\" >\n\n\t<div class=\"tribe-events-widget-events-list__event-date-tag tribe-common-g-col\">\n\t<time class=\"tribe-events-widget-events-list__event-date-tag-datetime\" datetime=\"2026-05-04\">\n\t\t<span class=\"tribe-events-widget-events-list__event-date-tag-month\">\n\t\t\ttouko\t\t<\/span>\n\t\t<span class=\"tribe-events-widget-events-list__event-date-tag-daynum tribe-common-h2 tribe-common-h4--min-medium\">\n\t\t\t4\t\t<\/span>\n\t<\/time>\n<\/div>\n\n\t<div class=\"tribe-events-widget-events-list__event-wrapper tribe-common-g-col\">\n\t\t<article  class=\"tribe-events-widget-events-list__event post-503 tribe_events type-tribe_events status-publish hentry\" >\n\t\t\t<div class=\"tribe-events-widget-events-list__event-details\">\n\n\t\t\t\t<header class=\"tribe-events-widget-events-list__event-header\">\n\t\t\t\t\t<div class=\"tribe-events-widget-events-list__event-datetime-wrapper tribe-common-b2 tribe-common-b3--min-medium\">\n\t\t<time class=\"tribe-events-widget-events-list__event-datetime\" datetime=\"2026-05-04\">\n\t\t<span class=\"tribe-event-date-start\">17:15<\/span> &#8211; <span class=\"tribe-event-time\">20:15<\/span>\t<\/time>\n\t<\/div>\n\t\t\t\t\t<h3 class=\"tribe-events-widget-events-list__event-title tribe-common-h7\">\n\t<a\n\t\thref=\"https:\/\/khsrk.fi\/?tribe_events=kuukauden-raamattukoulu-nro-4\"\n\t\ttitle=\"Kuukauden raamattukoulu nro 4\"\n\t\trel=\"bookmark\"\n\t\tclass=\"tribe-events-widget-events-list__event-title-link tribe-common-anchor-thin\"\n\t>\n\t\tKuukauden raamattukoulu nro 4\t<\/a>\n<\/h3>\n\t\t\t\t<\/header>\n\n\t\t\t\t\n\t\t\t<\/div>\n\t\t<\/article>\n\t<\/div>\n\n<\/div>\n\t\t\t\t\t\t\t\t\t<\/div>\n\n\t\t\t\t<div class=\"tribe-events-widget-events-list__view-more tribe-common-b1 tribe-common-b2--min-medium\">\n\t<a\n\t\thref=\"https:\/\/khsrk.fi\"\n\t\tclass=\"tribe-events-widget-events-list__view-more-link tribe-common-anchor-thin\"\n\t\ttitle=\"N\u00e4yt\u00e4 enemm\u00e4n tapahtumat.\"\n\t>\n\t\tN\u00e4yt\u00e4 kalenteri\t<\/a>\n<\/div>\n\n\t\t\t\t\t<\/div>\n\t<\/div>\n<\/div>\n<script data-js='tribe-events-view-nonce-data' type='application\/json'>{\"tvn1\":\"a262a15313\",\"tvn2\":\"\"}<\/script>\n","protected":false},"excerpt":{"rendered":"","protected":false},"author":1,"featured_media":0,"parent":0,"menu_order":0,"comment_status":"closed","ping_status":"closed","template":"","meta":{"footnotes":""},"class_list":["post-265","page","type-page","status-publish","hentry"],"yoast_head":"<!-- This site is optimized with the Yoast SEO plugin v26.9 - https:\/\/yoast.com\/product\/yoast-seo-wordpress\/ -->\n<title>Tapahtumat - Kemin Helluntaiseurakunta<\/title>\n<meta name=\"robots\" content=\"index, follow, max-snippet:-1, max-image-preview:large, max-video-preview:-1\" \/>\n<link rel=\"canonical\" href=\"https:\/\/khsrk.fi\/?page_id=265\" \/>\n<meta property=\"og:locale\" content=\"fi_FI\" \/>\n<meta property=\"og:type\" content=\"article\" \/>\n<meta property=\"og:title\" content=\"Tapahtumat - Kemin Helluntaiseurakunta\" \/>\n<meta property=\"og:url\" content=\"https:\/\/khsrk.fi\/?page_id=265\" \/>\n<meta property=\"og:site_name\" content=\"Kemin Helluntaiseurakunta\" \/>\n<meta property=\"article:publisher\" content=\"https:\/\/www.facebook.com\/KeminHelluntaiseurakunta\" \/>\n<meta property=\"article:modified_time\" content=\"2026-01-28T18:51:43+00:00\" \/>\n<meta name=\"twitter:card\" content=\"summary_large_image\" \/>\n<script type=\"application\/ld+json\" class=\"yoast-schema-graph\">{\"@context\":\"https:\/\/schema.org\",\"@graph\":[{\"@type\":\"WebPage\",\"@id\":\"https:\/\/khsrk.fi\/?page_id=265\",\"url\":\"https:\/\/khsrk.fi\/?page_id=265\",\"name\":\"Tapahtumat - Kemin Helluntaiseurakunta\",\"isPartOf\":{\"@id\":\"https:\/\/khsrk.fi\/#website\"},\"datePublished\":\"2024-08-10T21:03:05+00:00\",\"dateModified\":\"2026-01-28T18:51:43+00:00\",\"breadcrumb\":{\"@id\":\"https:\/\/khsrk.fi\/?page_id=265#breadcrumb\"},\"inLanguage\":\"fi\",\"potentialAction\":[{\"@type\":\"ReadAction\",\"target\":[\"https:\/\/khsrk.fi\/?page_id=265\"]}]},{\"@type\":\"BreadcrumbList\",\"@id\":\"https:\/\/khsrk.fi\/?page_id=265#breadcrumb\",\"itemListElement\":[{\"@type\":\"ListItem\",\"position\":1,\"name\":\"Etusivu\",\"item\":\"https:\/\/khsrk.fi\/\"},{\"@type\":\"ListItem\",\"position\":2,\"name\":\"Tapahtumat\"}]},{\"@type\":\"WebSite\",\"@id\":\"https:\/\/khsrk.fi\/#website\",\"url\":\"https:\/\/khsrk.fi\/\",\"name\":\"Kemin Helluntaiseurakunta\",\"description\":\"Jeesus, Meri-Lappi &amp; Maailman \u00c4\u00e4ret Kristukselle\",\"publisher\":{\"@id\":\"https:\/\/khsrk.fi\/#organization\"},\"potentialAction\":[{\"@type\":\"SearchAction\",\"target\":{\"@type\":\"EntryPoint\",\"urlTemplate\":\"https:\/\/khsrk.fi\/?s={search_term_string}\"},\"query-input\":{\"@type\":\"PropertyValueSpecification\",\"valueRequired\":true,\"valueName\":\"search_term_string\"}}],\"inLanguage\":\"fi\"},{\"@type\":\"Organization\",\"@id\":\"https:\/\/khsrk.fi\/#organization\",\"name\":\"Kemin Helluntaiseurakunta\",\"url\":\"https:\/\/khsrk.fi\/\",\"logo\":{\"@type\":\"ImageObject\",\"inLanguage\":\"fi\",\"@id\":\"https:\/\/khsrk.fi\/#\/schema\/logo\/image\/\",\"url\":\"https:\/\/khsrk.fi\/wp-content\/uploads\/2023\/07\/Nimeton-malli-1.png\",\"contentUrl\":\"https:\/\/khsrk.fi\/wp-content\/uploads\/2023\/07\/Nimeton-malli-1.png\",\"width\":940,\"height\":788,\"caption\":\"Kemin Helluntaiseurakunta\"},\"image\":{\"@id\":\"https:\/\/khsrk.fi\/#\/schema\/logo\/image\/\"},\"sameAs\":[\"https:\/\/www.facebook.com\/KeminHelluntaiseurakunta\"]}]}<\/script>\n<!-- \/ Yoast SEO plugin. -->","yoast_head_json":{"title":"Tapahtumat - Kemin Helluntaiseurakunta","robots":{"index":"index","follow":"follow","max-snippet":"max-snippet:-1","max-image-preview":"max-image-preview:large","max-video-preview":"max-video-preview:-1"},"canonical":"https:\/\/khsrk.fi\/?page_id=265","og_locale":"fi_FI","og_type":"article","og_title":"Tapahtumat - Kemin Helluntaiseurakunta","og_url":"https:\/\/khsrk.fi\/?page_id=265","og_site_name":"Kemin Helluntaiseurakunta","article_publisher":"https:\/\/www.facebook.com\/KeminHelluntaiseurakunta","article_modified_time":"2026-01-28T18:51:43+00:00","twitter_card":"summary_large_image","schema":{"@context":"https:\/\/schema.org","@graph":[{"@type":"WebPage","@id":"https:\/\/khsrk.fi\/?page_id=265","url":"https:\/\/khsrk.fi\/?page_id=265","name":"Tapahtumat - Kemin Helluntaiseurakunta","isPartOf":{"@id":"https:\/\/khsrk.fi\/#website"},"datePublished":"2024-08-10T21:03:05+00:00","dateModified":"2026-01-28T18:51:43+00:00","breadcrumb":{"@id":"https:\/\/khsrk.fi\/?page_id=265#breadcrumb"},"inLanguage":"fi","potentialAction":[{"@type":"ReadAction","target":["https:\/\/khsrk.fi\/?page_id=265"]}]},{"@type":"BreadcrumbList","@id":"https:\/\/khsrk.fi\/?page_id=265#breadcrumb","itemListElement":[{"@type":"ListItem","position":1,"name":"Etusivu","item":"https:\/\/khsrk.fi\/"},{"@type":"ListItem","position":2,"name":"Tapahtumat"}]},{"@type":"WebSite","@id":"https:\/\/khsrk.fi\/#website","url":"https:\/\/khsrk.fi\/","name":"Kemin Helluntaiseurakunta","description":"Jeesus, Meri-Lappi &amp; Maailman \u00c4\u00e4ret Kristukselle","publisher":{"@id":"https:\/\/khsrk.fi\/#organization"},"potentialAction":[{"@type":"SearchAction","target":{"@type":"EntryPoint","urlTemplate":"https:\/\/khsrk.fi\/?s={search_term_string}"},"query-input":{"@type":"PropertyValueSpecification","valueRequired":true,"valueName":"search_term_string"}}],"inLanguage":"fi"},{"@type":"Organization","@id":"https:\/\/khsrk.fi\/#organization","name":"Kemin Helluntaiseurakunta","url":"https:\/\/khsrk.fi\/","logo":{"@type":"ImageObject","inLanguage":"fi","@id":"https:\/\/khsrk.fi\/#\/schema\/logo\/image\/","url":"https:\/\/khsrk.fi\/wp-content\/uploads\/2023\/07\/Nimeton-malli-1.png","contentUrl":"https:\/\/khsrk.fi\/wp-content\/uploads\/2023\/07\/Nimeton-malli-1.png","width":940,"height":788,"caption":"Kemin Helluntaiseurakunta"},"image":{"@id":"https:\/\/khsrk.fi\/#\/schema\/logo\/image\/"},"sameAs":["https:\/\/www.facebook.com\/KeminHelluntaiseurakunta"]}]}},"_links":{"self":[{"href":"https:\/\/khsrk.fi\/index.php?rest_route=\/wp\/v2\/pages\/265","targetHints":{"allow":["GET"]}}],"collection":[{"href":"https:\/\/khsrk.fi\/index.php?rest_route=\/wp\/v2\/pages"}],"about":[{"href":"https:\/\/khsrk.fi\/index.php?rest_route=\/wp\/v2\/types\/page"}],"author":[{"embeddable":true,"href":"https:\/\/khsrk.fi\/index.php?rest_route=\/wp\/v2\/users\/1"}],"replies":[{"embeddable":true,"href":"https:\/\/khsrk.fi\/index.php?rest_route=%2Fwp%2Fv2%2Fcomments&post=265"}],"version-history":[{"count":5,"href":"https:\/\/khsrk.fi\/index.php?rest_route=\/wp\/v2\/pages\/265\/revisions"}],"predecessor-version":[{"id":294,"href":"https:\/\/khsrk.fi\/index.php?rest_route=\/wp\/v2\/pages\/265\/revisions\/294"}],"wp:attachment":[{"href":"https:\/\/khsrk.fi\/index.php?rest_route=%2Fwp%2Fv2%2Fmedia&parent=265"}],"curies":[{"name":"wp","href":"https:\/\/api.w.org\/{rel}","templated":true}]}}